{"id":372,"date":"2019-03-08T19:23:58","date_gmt":"2019-03-08T23:23:58","guid":{"rendered":"https:\/\/www.mdscoating.com\/surface-retention\/"},"modified":"2019-10-18T14:07:22","modified_gmt":"2019-10-18T18:07:22","slug":"maintien-du-fini-de-surface","status":"publish","type":"page","link":"https:\/\/www.mdscoating.com\/fr\/solutions\/maintien-du-fini-de-surface\/","title":{"rendered":"Maintien du fini de surface"},"content":{"rendered":"","protected":false},"excerpt":{"rendered":"<p>Notre technologie de rev\u00eatement pr\u00e9vient la d\u00e9t\u00e9rioration des aubes, permettant le maintien de la rugosit\u00e9 et de la performance a\u00e9rodynamique.<\/p>\n","protected":false},"author":1,"featured_media":1458,"parent":370,"menu_order":1,"comment_status":"closed","ping_status":"closed","template":"template-detail-page.php","meta":{"_monsterinsights_skip_tracking":false,"_monsterinsights_sitenote_active":false,"_monsterinsights_sitenote_note":"","_monsterinsights_sitenote_category":0},"yst_prominent_words":[],"yoast_head":"<!-- This site is optimized with the Yoast SEO Premium plugin v14.3 - https:\/\/yoast.com\/wordpress\/plugins\/seo\/ -->\n<title>Maintien du fini de surface | MDS Coating Technologies Corp.<\/title>\n<meta name=\"robots\" content=\"index, follow\" \/>\n<meta name=\"googlebot\" content=\"index, follow, max-snippet:-1, max-image-preview:large, max-video-preview:-1\" \/>\n<meta name=\"bingbot\" content=\"index, follow, max-snippet:-1, max-image-preview:large, max-video-preview:-1\" \/>\n<link rel=\"canonical\" href=\"https:\/\/www.mdscoating.com\/fr\/solutions\/maintien-du-fini-de-surface\/\" \/>\n<meta property=\"og:locale\" content=\"fr_FR\" \/>\n<meta property=\"og:type\" content=\"article\" \/>\n<meta property=\"og:title\" content=\"Maintien du fini de surface | MDS Coating Technologies Corp.\" \/>\n<meta property=\"og:description\" content=\"Notre technologie de rev\u00eatement pr\u00e9vient la d\u00e9t\u00e9rioration des aubes, permettant le maintien de la rugosit\u00e9 et de la performance a\u00e9rodynamique.\" \/>\n<meta property=\"og:url\" content=\"https:\/\/www.mdscoating.com\/fr\/solutions\/maintien-du-fini-de-surface\/\" \/>\n<meta property=\"og:site_name\" content=\"MDS Coating Technologies Corp.\" \/>\n<meta property=\"article:modified_time\" content=\"2019-10-18T18:07:22+00:00\" \/>\n<meta property=\"og:image\" content=\"https:\/\/www.mdscoating.com\/app\/uploads\/2019\/06\/SurfaceFinishRetention-header-image-revised.jpg\" \/>\n\t<meta property=\"og:image:width\" content=\"2880\" \/>\n\t<meta property=\"og:image:height\" content=\"1310\" \/>\n<meta name=\"twitter:card\" content=\"summary_large_image\" \/>\n<script type=\"application\/ld+json\" class=\"yoast-schema-graph\">{\"@context\":\"https:\/\/schema.org\",\"@graph\":[{\"@type\":\"Organization\",\"@id\":\"https:\/\/www.mdscoating.com\/fr\/#organization\",\"name\":\"MDS Coating | The Leader in Protective Coating Technology\",\"url\":\"https:\/\/www.mdscoating.com\/fr\/\",\"sameAs\":[],\"logo\":{\"@type\":\"ImageObject\",\"@id\":\"https:\/\/www.mdscoating.com\/fr\/#logo\",\"inLanguage\":\"fr-FR\",\"url\":\"https:\/\/www.mdscoating.com\/app\/uploads\/2020\/01\/MDS-logo1-RGB-black-blue.png\",\"width\":4526,\"height\":1254,\"caption\":\"MDS Coating | The Leader in Protective Coating Technology\"},\"image\":{\"@id\":\"https:\/\/www.mdscoating.com\/fr\/#logo\"}},{\"@type\":\"WebSite\",\"@id\":\"https:\/\/www.mdscoating.com\/fr\/#website\",\"url\":\"https:\/\/www.mdscoating.com\/fr\/\",\"name\":\"MDS Coating Technologies Corp.\",\"description\":\"\",\"publisher\":{\"@id\":\"https:\/\/www.mdscoating.com\/fr\/#organization\"},\"potentialAction\":[{\"@type\":\"SearchAction\",\"target\":\"https:\/\/www.mdscoating.com\/fr\/?s={search_term_string}\",\"query-input\":\"required name=search_term_string\"}],\"inLanguage\":\"fr-FR\"},{\"@type\":\"ImageObject\",\"@id\":\"https:\/\/www.mdscoating.com\/fr\/solutions\/maintien-du-fini-de-surface\/#primaryimage\",\"inLanguage\":\"fr-FR\",\"url\":\"https:\/\/www.mdscoating.com\/app\/uploads\/2019\/06\/SurfaceFinishRetention-header-image-revised.jpg\",\"width\":2880,\"height\":1310,\"caption\":\"MDS Coating Technologies Aerospace Company Surface Finish\"},{\"@type\":\"WebPage\",\"@id\":\"https:\/\/www.mdscoating.com\/fr\/solutions\/maintien-du-fini-de-surface\/#webpage\",\"url\":\"https:\/\/www.mdscoating.com\/fr\/solutions\/maintien-du-fini-de-surface\/\",\"name\":\"Maintien du fini de surface | MDS Coating Technologies Corp.\",\"isPartOf\":{\"@id\":\"https:\/\/www.mdscoating.com\/fr\/#website\"},\"primaryImageOfPage\":{\"@id\":\"https:\/\/www.mdscoating.com\/fr\/solutions\/maintien-du-fini-de-surface\/#primaryimage\"},\"datePublished\":\"2019-03-08T23:23:58+00:00\",\"dateModified\":\"2019-10-18T18:07:22+00:00\",\"breadcrumb\":{\"@id\":\"https:\/\/www.mdscoating.com\/fr\/solutions\/maintien-du-fini-de-surface\/#breadcrumb\"},\"inLanguage\":\"fr-FR\",\"potentialAction\":[{\"@type\":\"ReadAction\",\"target\":[\"https:\/\/www.mdscoating.com\/fr\/solutions\/maintien-du-fini-de-surface\/\"]}]},{\"@type\":\"BreadcrumbList\",\"@id\":\"https:\/\/www.mdscoating.com\/fr\/solutions\/maintien-du-fini-de-surface\/#breadcrumb\",\"itemListElement\":[{\"@type\":\"ListItem\",\"position\":1,\"item\":{\"@type\":\"WebPage\",\"@id\":\"https:\/\/www.mdscoating.com\/fr\/\",\"url\":\"https:\/\/www.mdscoating.com\/fr\/\",\"name\":\"Accueil\"}},{\"@type\":\"ListItem\",\"position\":2,\"item\":{\"@type\":\"WebPage\",\"@id\":\"https:\/\/www.mdscoating.com\/fr\/solutions\/\",\"url\":\"https:\/\/www.mdscoating.com\/fr\/solutions\/\",\"name\":\"Solutions\"}},{\"@type\":\"ListItem\",\"position\":3,\"item\":{\"@type\":\"WebPage\",\"@id\":\"https:\/\/www.mdscoating.com\/fr\/solutions\/maintien-du-fini-de-surface\/\",\"url\":\"https:\/\/www.mdscoating.com\/fr\/solutions\/maintien-du-fini-de-surface\/\",\"name\":\"Maintien du fini de surface\"}}]}]}<\/script>\n<!-- \/ Yoast SEO Premium plugin. -->","_links":{"self":[{"href":"https:\/\/www.mdscoating.com\/fr\/wp-json\/wp\/v2\/pages\/372"}],"collection":[{"href":"https:\/\/www.mdscoating.com\/fr\/wp-json\/wp\/v2\/pages"}],"about":[{"href":"https:\/\/www.mdscoating.com\/fr\/wp-json\/wp\/v2\/types\/page"}],"author":[{"embeddable":true,"href":"https:\/\/www.mdscoating.com\/fr\/wp-json\/wp\/v2\/users\/1"}],"replies":[{"embeddable":true,"href":"https:\/\/www.mdscoating.com\/fr\/wp-json\/wp\/v2\/comments?post=372"}],"version-history":[{"count":16,"href":"https:\/\/www.mdscoating.com\/fr\/wp-json\/wp\/v2\/pages\/372\/revisions"}],"predecessor-version":[{"id":1550,"href":"https:\/\/www.mdscoating.com\/fr\/wp-json\/wp\/v2\/pages\/372\/revisions\/1550"}],"up":[{"embeddable":true,"href":"https:\/\/www.mdscoating.com\/fr\/wp-json\/wp\/v2\/pages\/370"}],"wp:featuredmedia":[{"embeddable":true,"href":"https:\/\/www.mdscoating.com\/fr\/wp-json\/wp\/v2\/media\/1458"}],"wp:attachment":[{"href":"https:\/\/www.mdscoating.com\/fr\/wp-json\/wp\/v2\/media?parent=372"}],"wp:term":[{"taxonomy":"yst_prominent_words","embeddable":true,"href":"https:\/\/www.mdscoating.com\/fr\/wp-json\/wp\/v2\/yst_prominent_words?post=372"}],"curies":[{"name":"wp","href":"https:\/\/api.w.org\/{rel}","templated":true}]}}