{"id":394,"date":"2019-03-08T19:21:40","date_gmt":"2019-03-08T23:21:40","guid":{"rendered":"https:\/\/www.mdscoating.com\/sectors\/commercial\/"},"modified":"2019-10-18T14:18:15","modified_gmt":"2019-10-18T18:18:15","slug":"commercial","status":"publish","type":"page","link":"https:\/\/www.mdscoating.com\/fr\/secteurs\/commercial\/","title":{"rendered":"Commercial"},"content":{"rendered":"","protected":false},"excerpt":{"rendered":"<p>Gr\u00e2ce \u00e0 nos rev\u00eatements, les \u00e9quipementiers d\u2019a\u00e9ronautique et les compagnies a\u00e9riennes profitent de la performance maximale de leurs moteurs tout en b\u00e9n\u00e9ficiant d\u2019une r\u00e9duction de la maintenance, des co\u00fbts op\u00e9rationnels et de la consommation de carburant.<\/p>\n","protected":false},"author":1,"featured_media":1221,"parent":393,"menu_order":0,"comment_status":"closed","ping_status":"closed","template":"template-detail-page.php","meta":{"_monsterinsights_skip_tracking":false,"_monsterinsights_sitenote_active":false,"_monsterinsights_sitenote_note":"","_monsterinsights_sitenote_category":0},"yst_prominent_words":[],"yoast_head":"<!-- This site is optimized with the Yoast SEO Premium plugin v14.3 - https:\/\/yoast.com\/wordpress\/plugins\/seo\/ -->\n<title>Commercial | MDS Coating Technologies Corp.<\/title>\n<meta name=\"robots\" content=\"index, follow\" \/>\n<meta name=\"googlebot\" content=\"index, follow, max-snippet:-1, max-image-preview:large, max-video-preview:-1\" \/>\n<meta name=\"bingbot\" content=\"index, follow, max-snippet:-1, max-image-preview:large, max-video-preview:-1\" \/>\n<link rel=\"canonical\" href=\"https:\/\/www.mdscoating.com\/fr\/secteurs\/commercial\/\" \/>\n<meta property=\"og:locale\" content=\"fr_FR\" \/>\n<meta property=\"og:type\" content=\"article\" \/>\n<meta property=\"og:title\" content=\"Commercial | MDS Coating Technologies Corp.\" \/>\n<meta property=\"og:description\" content=\"Gr\u00e2ce \u00e0 nos rev\u00eatements, les \u00e9quipementiers d\u2019a\u00e9ronautique et les compagnies a\u00e9riennes profitent de la performance maximale de leurs moteurs tout en b\u00e9n\u00e9ficiant d\u2019une r\u00e9duction de la maintenance, des co\u00fbts op\u00e9rationnels et de la consommation de carburant.\" \/>\n<meta property=\"og:url\" content=\"https:\/\/www.mdscoating.com\/fr\/secteurs\/commercial\/\" \/>\n<meta property=\"og:site_name\" content=\"MDS Coating Technologies Corp.\" \/>\n<meta property=\"article:modified_time\" content=\"2019-10-18T18:18:15+00:00\" \/>\n<meta property=\"og:image\" content=\"https:\/\/www.mdscoating.com\/app\/uploads\/2019\/04\/Commercial-header-image-3.jpg\" \/>\n\t<meta property=\"og:image:width\" content=\"2880\" \/>\n\t<meta property=\"og:image:height\" content=\"1310\" \/>\n<meta name=\"twitter:card\" content=\"summary_large_image\" \/>\n<script type=\"application\/ld+json\" class=\"yoast-schema-graph\">{\"@context\":\"https:\/\/schema.org\",\"@graph\":[{\"@type\":\"Organization\",\"@id\":\"https:\/\/www.mdscoating.com\/fr\/#organization\",\"name\":\"MDS Coating | The Leader in Protective Coating Technology\",\"url\":\"https:\/\/www.mdscoating.com\/fr\/\",\"sameAs\":[],\"logo\":{\"@type\":\"ImageObject\",\"@id\":\"https:\/\/www.mdscoating.com\/fr\/#logo\",\"inLanguage\":\"fr-FR\",\"url\":\"https:\/\/www.mdscoating.com\/app\/uploads\/2020\/01\/MDS-logo1-RGB-black-blue.png\",\"width\":4526,\"height\":1254,\"caption\":\"MDS Coating | The Leader in Protective Coating Technology\"},\"image\":{\"@id\":\"https:\/\/www.mdscoating.com\/fr\/#logo\"}},{\"@type\":\"WebSite\",\"@id\":\"https:\/\/www.mdscoating.com\/fr\/#website\",\"url\":\"https:\/\/www.mdscoating.com\/fr\/\",\"name\":\"MDS Coating Technologies Corp.\",\"description\":\"\",\"publisher\":{\"@id\":\"https:\/\/www.mdscoating.com\/fr\/#organization\"},\"potentialAction\":[{\"@type\":\"SearchAction\",\"target\":\"https:\/\/www.mdscoating.com\/fr\/?s={search_term_string}\",\"query-input\":\"required name=search_term_string\"}],\"inLanguage\":\"fr-FR\"},{\"@type\":\"ImageObject\",\"@id\":\"https:\/\/www.mdscoating.com\/fr\/secteurs\/commercial\/#primaryimage\",\"inLanguage\":\"fr-FR\",\"url\":\"https:\/\/www.mdscoating.com\/app\/uploads\/2019\/04\/Commercial-header-image-3.jpg\",\"width\":2880,\"height\":1310,\"caption\":\"MDS Coating Technologies Aerospace Company Wing\"},{\"@type\":\"WebPage\",\"@id\":\"https:\/\/www.mdscoating.com\/fr\/secteurs\/commercial\/#webpage\",\"url\":\"https:\/\/www.mdscoating.com\/fr\/secteurs\/commercial\/\",\"name\":\"Commercial | MDS Coating Technologies Corp.\",\"isPartOf\":{\"@id\":\"https:\/\/www.mdscoating.com\/fr\/#website\"},\"primaryImageOfPage\":{\"@id\":\"https:\/\/www.mdscoating.com\/fr\/secteurs\/commercial\/#primaryimage\"},\"datePublished\":\"2019-03-08T23:21:40+00:00\",\"dateModified\":\"2019-10-18T18:18:15+00:00\",\"breadcrumb\":{\"@id\":\"https:\/\/www.mdscoating.com\/fr\/secteurs\/commercial\/#breadcrumb\"},\"inLanguage\":\"fr-FR\",\"potentialAction\":[{\"@type\":\"ReadAction\",\"target\":[\"https:\/\/www.mdscoating.com\/fr\/secteurs\/commercial\/\"]}]},{\"@type\":\"BreadcrumbList\",\"@id\":\"https:\/\/www.mdscoating.com\/fr\/secteurs\/commercial\/#breadcrumb\",\"itemListElement\":[{\"@type\":\"ListItem\",\"position\":1,\"item\":{\"@type\":\"WebPage\",\"@id\":\"https:\/\/www.mdscoating.com\/fr\/\",\"url\":\"https:\/\/www.mdscoating.com\/fr\/\",\"name\":\"Accueil\"}},{\"@type\":\"ListItem\",\"position\":2,\"item\":{\"@type\":\"WebPage\",\"@id\":\"https:\/\/www.mdscoating.com\/fr\/secteurs\/\",\"url\":\"https:\/\/www.mdscoating.com\/fr\/secteurs\/\",\"name\":\"Secteurs\"}},{\"@type\":\"ListItem\",\"position\":3,\"item\":{\"@type\":\"WebPage\",\"@id\":\"https:\/\/www.mdscoating.com\/fr\/secteurs\/commercial\/\",\"url\":\"https:\/\/www.mdscoating.com\/fr\/secteurs\/commercial\/\",\"name\":\"Commercial\"}}]}]}<\/script>\n<!-- \/ Yoast SEO Premium plugin. -->","_links":{"self":[{"href":"https:\/\/www.mdscoating.com\/fr\/wp-json\/wp\/v2\/pages\/394"}],"collection":[{"href":"https:\/\/www.mdscoating.com\/fr\/wp-json\/wp\/v2\/pages"}],"about":[{"href":"https:\/\/www.mdscoating.com\/fr\/wp-json\/wp\/v2\/types\/page"}],"author":[{"embeddable":true,"href":"https:\/\/www.mdscoating.com\/fr\/wp-json\/wp\/v2\/users\/1"}],"replies":[{"embeddable":true,"href":"https:\/\/www.mdscoating.com\/fr\/wp-json\/wp\/v2\/comments?post=394"}],"version-history":[{"count":19,"href":"https:\/\/www.mdscoating.com\/fr\/wp-json\/wp\/v2\/pages\/394\/revisions"}],"predecessor-version":[{"id":1555,"href":"https:\/\/www.mdscoating.com\/fr\/wp-json\/wp\/v2\/pages\/394\/revisions\/1555"}],"up":[{"embeddable":true,"href":"https:\/\/www.mdscoating.com\/fr\/wp-json\/wp\/v2\/pages\/393"}],"wp:featuredmedia":[{"embeddable":true,"href":"https:\/\/www.mdscoating.com\/fr\/wp-json\/wp\/v2\/media\/1221"}],"wp:attachment":[{"href":"https:\/\/www.mdscoating.com\/fr\/wp-json\/wp\/v2\/media?parent=394"}],"wp:term":[{"taxonomy":"yst_prominent_words","embeddable":true,"href":"https:\/\/www.mdscoating.com\/fr\/wp-json\/wp\/v2\/yst_prominent_words?post=394"}],"curies":[{"name":"wp","href":"https:\/\/api.w.org\/{rel}","templated":true}]}}