{"id":396,"date":"2019-03-08T19:22:11","date_gmt":"2019-03-08T23:22:11","guid":{"rendered":"https:\/\/www.mdscoating.com\/sectors\/industrial\/"},"modified":"2019-10-18T14:19:36","modified_gmt":"2019-10-18T18:19:36","slug":"industriel","status":"publish","type":"page","link":"https:\/\/www.mdscoating.com\/fr\/secteurs\/industriel\/","title":{"rendered":"Industriel"},"content":{"rendered":"","protected":false},"excerpt":{"rendered":"<p>Nos rev\u00eatements r\u00e9duisent les temps d\u2019arr\u00eat, maintiennent la performance des moteurs, r\u00e9duisent l\u2019encrassement et diminuent la maintenance et les co\u00fbts op\u00e9rationnels en prot\u00e9geant les aubes contre l\u2019\u00e9rosion par particules liquides.<\/p>\n","protected":false},"author":1,"featured_media":1291,"parent":393,"menu_order":2,"comment_status":"closed","ping_status":"closed","template":"template-detail-page.php","meta":{"_monsterinsights_skip_tracking":false,"_monsterinsights_sitenote_active":false,"_monsterinsights_sitenote_note":"","_monsterinsights_sitenote_category":0},"yst_prominent_words":[],"yoast_head":"<!-- This site is optimized with the Yoast SEO Premium plugin v14.3 - https:\/\/yoast.com\/wordpress\/plugins\/seo\/ -->\n<title>Industriel | MDS Coating Technologies Corp.<\/title>\n<meta name=\"robots\" content=\"index, follow\" \/>\n<meta name=\"googlebot\" content=\"index, follow, max-snippet:-1, max-image-preview:large, max-video-preview:-1\" \/>\n<meta name=\"bingbot\" content=\"index, follow, max-snippet:-1, max-image-preview:large, max-video-preview:-1\" \/>\n<link rel=\"canonical\" href=\"https:\/\/www.mdscoating.com\/fr\/secteurs\/industriel\/\" \/>\n<meta property=\"og:locale\" content=\"fr_FR\" \/>\n<meta property=\"og:type\" content=\"article\" \/>\n<meta property=\"og:title\" content=\"Industriel | MDS Coating Technologies Corp.\" \/>\n<meta property=\"og:description\" content=\"Nos rev\u00eatements r\u00e9duisent les temps d\u2019arr\u00eat, maintiennent la performance des moteurs, r\u00e9duisent l\u2019encrassement et diminuent la maintenance et les co\u00fbts op\u00e9rationnels en prot\u00e9geant les aubes contre l\u2019\u00e9rosion par particules liquides.\" \/>\n<meta property=\"og:url\" content=\"https:\/\/www.mdscoating.com\/fr\/secteurs\/industriel\/\" \/>\n<meta property=\"og:site_name\" content=\"MDS Coating Technologies Corp.\" \/>\n<meta property=\"article:modified_time\" content=\"2019-10-18T18:19:36+00:00\" \/>\n<meta property=\"og:image\" content=\"https:\/\/www.mdscoating.com\/app\/uploads\/2019\/04\/Industiral-header-image-4.jpg\" \/>\n\t<meta property=\"og:image:width\" content=\"2880\" \/>\n\t<meta property=\"og:image:height\" content=\"1310\" \/>\n<meta name=\"twitter:card\" content=\"summary_large_image\" \/>\n<script type=\"application\/ld+json\" class=\"yoast-schema-graph\">{\"@context\":\"https:\/\/schema.org\",\"@graph\":[{\"@type\":\"Organization\",\"@id\":\"https:\/\/www.mdscoating.com\/fr\/#organization\",\"name\":\"MDS Coating | The Leader in Protective Coating Technology\",\"url\":\"https:\/\/www.mdscoating.com\/fr\/\",\"sameAs\":[],\"logo\":{\"@type\":\"ImageObject\",\"@id\":\"https:\/\/www.mdscoating.com\/fr\/#logo\",\"inLanguage\":\"fr-FR\",\"url\":\"https:\/\/www.mdscoating.com\/app\/uploads\/2020\/01\/MDS-logo1-RGB-black-blue.png\",\"width\":4526,\"height\":1254,\"caption\":\"MDS Coating | The Leader in Protective Coating Technology\"},\"image\":{\"@id\":\"https:\/\/www.mdscoating.com\/fr\/#logo\"}},{\"@type\":\"WebSite\",\"@id\":\"https:\/\/www.mdscoating.com\/fr\/#website\",\"url\":\"https:\/\/www.mdscoating.com\/fr\/\",\"name\":\"MDS Coating Technologies Corp.\",\"description\":\"\",\"publisher\":{\"@id\":\"https:\/\/www.mdscoating.com\/fr\/#organization\"},\"potentialAction\":[{\"@type\":\"SearchAction\",\"target\":\"https:\/\/www.mdscoating.com\/fr\/?s={search_term_string}\",\"query-input\":\"required name=search_term_string\"}],\"inLanguage\":\"fr-FR\"},{\"@type\":\"ImageObject\",\"@id\":\"https:\/\/www.mdscoating.com\/fr\/secteurs\/industriel\/#primaryimage\",\"inLanguage\":\"fr-FR\",\"url\":\"https:\/\/www.mdscoating.com\/app\/uploads\/2019\/04\/Industiral-header-image-4.jpg\",\"width\":2880,\"height\":1310,\"caption\":\"MDS Coating Technologies Aerospace Company\"},{\"@type\":\"WebPage\",\"@id\":\"https:\/\/www.mdscoating.com\/fr\/secteurs\/industriel\/#webpage\",\"url\":\"https:\/\/www.mdscoating.com\/fr\/secteurs\/industriel\/\",\"name\":\"Industriel | MDS Coating Technologies Corp.\",\"isPartOf\":{\"@id\":\"https:\/\/www.mdscoating.com\/fr\/#website\"},\"primaryImageOfPage\":{\"@id\":\"https:\/\/www.mdscoating.com\/fr\/secteurs\/industriel\/#primaryimage\"},\"datePublished\":\"2019-03-08T23:22:11+00:00\",\"dateModified\":\"2019-10-18T18:19:36+00:00\",\"breadcrumb\":{\"@id\":\"https:\/\/www.mdscoating.com\/fr\/secteurs\/industriel\/#breadcrumb\"},\"inLanguage\":\"fr-FR\",\"potentialAction\":[{\"@type\":\"ReadAction\",\"target\":[\"https:\/\/www.mdscoating.com\/fr\/secteurs\/industriel\/\"]}]},{\"@type\":\"BreadcrumbList\",\"@id\":\"https:\/\/www.mdscoating.com\/fr\/secteurs\/industriel\/#breadcrumb\",\"itemListElement\":[{\"@type\":\"ListItem\",\"position\":1,\"item\":{\"@type\":\"WebPage\",\"@id\":\"https:\/\/www.mdscoating.com\/fr\/\",\"url\":\"https:\/\/www.mdscoating.com\/fr\/\",\"name\":\"Accueil\"}},{\"@type\":\"ListItem\",\"position\":2,\"item\":{\"@type\":\"WebPage\",\"@id\":\"https:\/\/www.mdscoating.com\/fr\/secteurs\/\",\"url\":\"https:\/\/www.mdscoating.com\/fr\/secteurs\/\",\"name\":\"Secteurs\"}},{\"@type\":\"ListItem\",\"position\":3,\"item\":{\"@type\":\"WebPage\",\"@id\":\"https:\/\/www.mdscoating.com\/fr\/secteurs\/industriel\/\",\"url\":\"https:\/\/www.mdscoating.com\/fr\/secteurs\/industriel\/\",\"name\":\"Industriel\"}}]}]}<\/script>\n<!-- \/ Yoast SEO Premium plugin. -->","_links":{"self":[{"href":"https:\/\/www.mdscoating.com\/fr\/wp-json\/wp\/v2\/pages\/396"}],"collection":[{"href":"https:\/\/www.mdscoating.com\/fr\/wp-json\/wp\/v2\/pages"}],"about":[{"href":"https:\/\/www.mdscoating.com\/fr\/wp-json\/wp\/v2\/types\/page"}],"author":[{"embeddable":true,"href":"https:\/\/www.mdscoating.com\/fr\/wp-json\/wp\/v2\/users\/1"}],"replies":[{"embeddable":true,"href":"https:\/\/www.mdscoating.com\/fr\/wp-json\/wp\/v2\/comments?post=396"}],"version-history":[{"count":28,"href":"https:\/\/www.mdscoating.com\/fr\/wp-json\/wp\/v2\/pages\/396\/revisions"}],"predecessor-version":[{"id":1557,"href":"https:\/\/www.mdscoating.com\/fr\/wp-json\/wp\/v2\/pages\/396\/revisions\/1557"}],"up":[{"embeddable":true,"href":"https:\/\/www.mdscoating.com\/fr\/wp-json\/wp\/v2\/pages\/393"}],"wp:featuredmedia":[{"embeddable":true,"href":"https:\/\/www.mdscoating.com\/fr\/wp-json\/wp\/v2\/media\/1291"}],"wp:attachment":[{"href":"https:\/\/www.mdscoating.com\/fr\/wp-json\/wp\/v2\/media?parent=396"}],"wp:term":[{"taxonomy":"yst_prominent_words","embeddable":true,"href":"https:\/\/www.mdscoating.com\/fr\/wp-json\/wp\/v2\/yst_prominent_words?post=396"}],"curies":[{"name":"wp","href":"https:\/\/api.w.org\/{rel}","templated":true}]}}