{"id":410,"date":"2019-03-08T16:50:40","date_gmt":"2019-03-08T20:50:40","guid":{"rendered":"https:\/\/www.mdscoating.com\/company\/news\/"},"modified":"2021-07-14T14:15:47","modified_gmt":"2021-07-14T18:15:47","slug":"annonces","status":"publish","type":"page","link":"https:\/\/www.mdscoating.com\/fr\/compagnie\/annonces\/","title":{"rendered":"Annonces"},"content":{"rendered":"<h2>Pour toutes demandes de renseignement de la presse ou des m\u00e9dias, S.V.P. contactez\u00a0 <a href=\"mailto:pr@mdscoating.com\" target=\"_blank\" rel=\"noopener noreferrer\">pr@mdscoating.com<\/a><\/h2>\n<p><span style=\"font-weight: 400;\">Nous avons \u00e9tabli de nouvelles normes, continuons \u00e0 surmonter les obstacles et \u00e0 \u00eatre reconnus pour nos accomplissements. Restez \u00e0 jour avec tout ce qui se passe chez MDS Coating.<\/span><\/p>\n","protected":false},"excerpt":{"rendered":"<p>Pour toutes demandes de renseignement de la presse ou des m\u00e9dias, S.V.P. contactez\u00a0 pr@mdscoating.com Nous avons \u00e9tabli de nouvelles normes, continuons \u00e0 surmonter les obstacles et \u00e0 \u00eatre reconnus pour nos accomplissements. Restez \u00e0 jour avec tout ce qui se passe chez MDS Coating.<\/p>\n","protected":false},"author":1,"featured_media":0,"parent":397,"menu_order":2,"comment_status":"closed","ping_status":"closed","template":"template-news.php","meta":{"_monsterinsights_skip_tracking":false,"_monsterinsights_sitenote_active":false,"_monsterinsights_sitenote_note":"","_monsterinsights_sitenote_category":0},"yst_prominent_words":[21,22],"yoast_head":"<!-- This site is optimized with the Yoast SEO Premium plugin v14.3 - https:\/\/yoast.com\/wordpress\/plugins\/seo\/ -->\n<title>Annonces | MDS Coating Technologies Corp.<\/title>\n<meta name=\"robots\" content=\"index, follow\" \/>\n<meta name=\"googlebot\" content=\"index, follow, max-snippet:-1, max-image-preview:large, max-video-preview:-1\" \/>\n<meta name=\"bingbot\" content=\"index, follow, max-snippet:-1, max-image-preview:large, max-video-preview:-1\" \/>\n<link rel=\"canonical\" href=\"https:\/\/www.mdscoating.com\/fr\/compagnie\/annonces\/\" \/>\n<meta property=\"og:locale\" content=\"fr_FR\" \/>\n<meta property=\"og:type\" content=\"article\" \/>\n<meta property=\"og:title\" content=\"Annonces | MDS Coating Technologies Corp.\" \/>\n<meta property=\"og:description\" content=\"Pour toutes demandes de renseignement de la presse ou des m\u00e9dias, S.V.P. contactez\u00a0 pr@mdscoating.com Nous avons \u00e9tabli de nouvelles normes, continuons \u00e0 surmonter les obstacles et \u00e0 \u00eatre reconnus pour nos accomplissements. Restez \u00e0 jour avec tout ce qui se passe chez MDS Coating.\" \/>\n<meta property=\"og:url\" content=\"https:\/\/www.mdscoating.com\/fr\/compagnie\/annonces\/\" \/>\n<meta property=\"og:site_name\" content=\"MDS Coating Technologies Corp.\" \/>\n<meta property=\"article:modified_time\" content=\"2021-07-14T18:15:47+00:00\" \/>\n<meta name=\"twitter:card\" content=\"summary_large_image\" \/>\n<script type=\"application\/ld+json\" class=\"yoast-schema-graph\">{\"@context\":\"https:\/\/schema.org\",\"@graph\":[{\"@type\":\"Organization\",\"@id\":\"https:\/\/www.mdscoating.com\/fr\/#organization\",\"name\":\"MDS Coating | The Leader in Protective Coating Technology\",\"url\":\"https:\/\/www.mdscoating.com\/fr\/\",\"sameAs\":[],\"logo\":{\"@type\":\"ImageObject\",\"@id\":\"https:\/\/www.mdscoating.com\/fr\/#logo\",\"inLanguage\":\"fr-FR\",\"url\":\"https:\/\/www.mdscoating.com\/app\/uploads\/2020\/01\/MDS-logo1-RGB-black-blue.png\",\"width\":4526,\"height\":1254,\"caption\":\"MDS Coating | The Leader in Protective Coating Technology\"},\"image\":{\"@id\":\"https:\/\/www.mdscoating.com\/fr\/#logo\"}},{\"@type\":\"WebSite\",\"@id\":\"https:\/\/www.mdscoating.com\/fr\/#website\",\"url\":\"https:\/\/www.mdscoating.com\/fr\/\",\"name\":\"MDS Coating Technologies Corp.\",\"description\":\"\",\"publisher\":{\"@id\":\"https:\/\/www.mdscoating.com\/fr\/#organization\"},\"potentialAction\":[{\"@type\":\"SearchAction\",\"target\":\"https:\/\/www.mdscoating.com\/fr\/?s={search_term_string}\",\"query-input\":\"required name=search_term_string\"}],\"inLanguage\":\"fr-FR\"},{\"@type\":\"WebPage\",\"@id\":\"https:\/\/www.mdscoating.com\/fr\/compagnie\/annonces\/#webpage\",\"url\":\"https:\/\/www.mdscoating.com\/fr\/compagnie\/annonces\/\",\"name\":\"Annonces | MDS Coating Technologies Corp.\",\"isPartOf\":{\"@id\":\"https:\/\/www.mdscoating.com\/fr\/#website\"},\"datePublished\":\"2019-03-08T20:50:40+00:00\",\"dateModified\":\"2021-07-14T18:15:47+00:00\",\"breadcrumb\":{\"@id\":\"https:\/\/www.mdscoating.com\/fr\/compagnie\/annonces\/#breadcrumb\"},\"inLanguage\":\"fr-FR\",\"potentialAction\":[{\"@type\":\"ReadAction\",\"target\":[\"https:\/\/www.mdscoating.com\/fr\/compagnie\/annonces\/\"]}]},{\"@type\":\"BreadcrumbList\",\"@id\":\"https:\/\/www.mdscoating.com\/fr\/compagnie\/annonces\/#breadcrumb\",\"itemListElement\":[{\"@type\":\"ListItem\",\"position\":1,\"item\":{\"@type\":\"WebPage\",\"@id\":\"https:\/\/www.mdscoating.com\/fr\/\",\"url\":\"https:\/\/www.mdscoating.com\/fr\/\",\"name\":\"Accueil\"}},{\"@type\":\"ListItem\",\"position\":2,\"item\":{\"@type\":\"WebPage\",\"@id\":\"https:\/\/www.mdscoating.com\/fr\/compagnie\/\",\"url\":\"https:\/\/www.mdscoating.com\/fr\/compagnie\/\",\"name\":\"\\u00c0 propos de nous\"}},{\"@type\":\"ListItem\",\"position\":3,\"item\":{\"@type\":\"WebPage\",\"@id\":\"https:\/\/www.mdscoating.com\/fr\/compagnie\/annonces\/\",\"url\":\"https:\/\/www.mdscoating.com\/fr\/compagnie\/annonces\/\",\"name\":\"Annonces\"}}]}]}<\/script>\n<!-- \/ Yoast SEO Premium plugin. -->","_links":{"self":[{"href":"https:\/\/www.mdscoating.com\/fr\/wp-json\/wp\/v2\/pages\/410"}],"collection":[{"href":"https:\/\/www.mdscoating.com\/fr\/wp-json\/wp\/v2\/pages"}],"about":[{"href":"https:\/\/www.mdscoating.com\/fr\/wp-json\/wp\/v2\/types\/page"}],"author":[{"embeddable":true,"href":"https:\/\/www.mdscoating.com\/fr\/wp-json\/wp\/v2\/users\/1"}],"replies":[{"embeddable":true,"href":"https:\/\/www.mdscoating.com\/fr\/wp-json\/wp\/v2\/comments?post=410"}],"version-history":[{"count":12,"href":"https:\/\/www.mdscoating.com\/fr\/wp-json\/wp\/v2\/pages\/410\/revisions"}],"predecessor-version":[{"id":1625,"href":"https:\/\/www.mdscoating.com\/fr\/wp-json\/wp\/v2\/pages\/410\/revisions\/1625"}],"up":[{"embeddable":true,"href":"https:\/\/www.mdscoating.com\/fr\/wp-json\/wp\/v2\/pages\/397"}],"wp:attachment":[{"href":"https:\/\/www.mdscoating.com\/fr\/wp-json\/wp\/v2\/media?parent=410"}],"wp:term":[{"taxonomy":"yst_prominent_words","embeddable":true,"href":"https:\/\/www.mdscoating.com\/fr\/wp-json\/wp\/v2\/yst_prominent_words?post=410"}],"curies":[{"name":"wp","href":"https:\/\/api.w.org\/{rel}","templated":true}]}}